{"id":46,"date":"2021-03-25T15:08:12","date_gmt":"2021-03-25T14:08:12","guid":{"rendered":"https:\/\/graphotherapie-marseille.fr\/?page_id=46"},"modified":"2023-07-26T15:26:06","modified_gmt":"2023-07-26T13:26:06","slug":"la-reeducation","status":"publish","type":"page","link":"https:\/\/graphotherapie-marseille.fr\/?page_id=46","title":{"rendered":"LA R\u00c9\u00c9DUCATION"},"content":{"rendered":"\n\n\t<p><strong>LA R\u00c9\u00c9DUCATION<\/strong><\/p>\n<p><strong>Anamn\u00e8se<\/strong><\/p>\n<p>Lors d&#8217;un premier rendez-vous, je vous donnerai un petit questionnaire que nous compl\u00e8terons ensemble, afin d&#8217;\u00e9tablir l&#8217;anamn\u00e8se de l&#8217;enfant. Ces renseignements sur son histoire, ses bilans d&#8217;autres sp\u00e9cialistes, sa scolarit\u00e9&#8230; faciliteront notre entrevue. Cette premi\u00e8re rencontre me permet de comprendre votre demande et de r\u00e9pondre \u00e0 vos interrogations. Puis une prise de rendez-vous pour un bilan peut \u00eatre alors envisag\u00e9e.<\/p>\n<p><strong>Bilan Graphomoteur<\/strong><\/p>\n<p>Un bilan complet est r\u00e9alis\u00e9 au cabinet et me permet de savoir si une r\u00e9\u00e9ducation est n\u00e9cessaire. Il dure environ 1 heure, je l&#8217;adapte en fonction de l&#8217;\u00e2ge de l&#8217;enfant.<\/p>\n<p>L&#8217;enfant ou l&#8217;adolescent passe diff\u00e9rents tests qui me permettent d&#8217;\u00e9valuer ses difficult\u00e9s et de d\u00e9celer une \u00e9ventuelle dysgraphie. Le bilan est remis g\u00e9n\u00e9ralement sous 15 jours.<\/p>\n<p>Le nombre de s\u00e9ances est variable en fonction des difficult\u00e9s et de la motivation du patient.<\/p>\n<p><strong>S\u00e9ances de r\u00e9\u00e9ducation<\/strong><\/p>\n<p>Les s\u00e9ances sont hebdomadaires et durent 45 minutes. Le nombre de s\u00e9ances est variable en fonction des difficult\u00e9s et de la motivation du patient.<\/p>\n<p>Chaque s\u00e9ance est individuelle et personnalis\u00e9e. Les exercices sont ludiques et p\u00e9dagogiques et les supports sont multiples.<\/p>\n<p>L&#8217;objectif est d&#8217;acqu\u00e9rir le bon geste, de retrouver le plaisir d&#8217;\u00e9crire et de reprendre confiance en soi\u00a0!<\/p>\n<p>&nbsp;<\/p>\n\n","protected":false},"excerpt":{"rendered":"<div class=\"entry-summary\">\n<div class=\"entry-summary\">\nLA R\u00c9\u00c9DUCATION Anamn\u00e8se Lors d&#8217;un premier rendez-vous, je vous donnerai un petit questionnaire que nous compl\u00e8terons ensemble, afin d&#8217;\u00e9tablir l&#8217;anamn\u00e8se de l&#8217;enfant. Ces renseignements sur son histoire, ses bilans d&#8217;autres sp\u00e9cialistes, sa&hellip;\n<\/div>\n<div class=\"link-more-container\"><a href=\"https:\/\/graphotherapie-marseille.fr\/?page_id=46\" class=\"link-more\" aria-label=\"Continue reading LA R\u00c9\u00c9DUCATION\">Continue reading&hellip;<\/a><\/div>\n<\/div>\n<div class=\"link-more-container\"><a href=\"https:\/\/graphotherapie-marseille.fr\/?page_id=46\" class=\"link-more\" aria-label=\"Continue reading LA R\u00c9\u00c9DUCATION\">Continue reading&hellip;<\/a><\/div>\n","protected":false},"author":1,"featured_media":0,"parent":0,"menu_order":0,"comment_status":"closed","ping_status":"closed","template":"","meta":{"_monsterinsights_skip_tracking":false,"_monsterinsights_sitenote_active":false,"_monsterinsights_sitenote_note":"","_monsterinsights_sitenote_category":0,"footnotes":""},"class_list":["post-46","page","type-page","status-publish","hentry","entry","entry-type-page"],"aioseo_notices":[],"_links":{"self":[{"href":"https:\/\/graphotherapie-marseille.fr\/index.php?rest_route=\/wp\/v2\/pages\/46","targetHints":{"allow":["GET"]}}],"collection":[{"href":"https:\/\/graphotherapie-marseille.fr\/index.php?rest_route=\/wp\/v2\/pages"}],"about":[{"href":"https:\/\/graphotherapie-marseille.fr\/index.php?rest_route=\/wp\/v2\/types\/page"}],"author":[{"embeddable":true,"href":"https:\/\/graphotherapie-marseille.fr\/index.php?rest_route=\/wp\/v2\/users\/1"}],"replies":[{"embeddable":true,"href":"https:\/\/graphotherapie-marseille.fr\/index.php?rest_route=%2Fwp%2Fv2%2Fcomments&post=46"}],"version-history":[{"count":10,"href":"https:\/\/graphotherapie-marseille.fr\/index.php?rest_route=\/wp\/v2\/pages\/46\/revisions"}],"predecessor-version":[{"id":1108,"href":"https:\/\/graphotherapie-marseille.fr\/index.php?rest_route=\/wp\/v2\/pages\/46\/revisions\/1108"}],"wp:attachment":[{"href":"https:\/\/graphotherapie-marseille.fr\/index.php?rest_route=%2Fwp%2Fv2%2Fmedia&parent=46"}],"curies":[{"name":"wp","href":"https:\/\/api.w.org\/{rel}","templated":true}]}}