{"id":6,"date":"2021-03-24T18:01:06","date_gmt":"2021-03-24T17:01:06","guid":{"rendered":"http:\/\/graphotherapie-marseille.fr\/?page_id=6"},"modified":"2021-06-22T15:14:08","modified_gmt":"2021-06-22T13:14:08","slug":"la-graphotherapie","status":"publish","type":"page","link":"https:\/\/graphotherapie-marseille.fr\/?page_id=6","title":{"rendered":"LA GRAPHOTHERAPIE"},"content":{"rendered":"\n<p>La graphoth\u00e9rapie est une r\u00e9ponse aux troubles de l&#8217;\u00e9criture.<\/p>\n<p>C&#8217;est la r\u00e9\u00e9ducation de l&#8217;\u00e9criture qui prend en charge les&nbsp;difficult\u00e9s graphomotrices&nbsp;chez les&nbsp;enfants, adolescents et adultes. Elle est le traitement des dysgraphies.<\/p>\n<p>L&#8217;\u00e9criture peut devenir p\u00e9nalisante lors de la scolarit\u00e9 d&#8217;un enfant et entrainer une r\u00e9elle perte de confiance en soi.<\/p>\n<p>L&#8217;objectif est de rendre l&#8217;\u00e9criture de la personne plus&nbsp;confortable, plus lisible, plus fluide et rapide. Ainsi le patient apprendra \u00e0 affiner son geste, \u00e0 tenir correctement son crayon, \u00e0 discipliner le mouvement de son \u00e9criture pour d\u00e9couvrir ou red\u00e9couvrir le plaisir d&#8217;\u00e9crire.<\/p>\n<p>La graphoth\u00e9rapie s&nbsp;&#8216;appuie sur des techniques sp\u00e9cifiques de r\u00e9\u00e9ducation. Elle se base sur les travaux de J. Ajuriaguerra, neuropsychiatre et Robert Olivaux, docteur en psychologie.<\/p>\n<p>La graphoth\u00e9rapie ne doit pas confondue avec la graphologie, qui est l&#8217;\u00e9tude de la personnalit\u00e9 \u00e0 travers l&#8217;\u00e9criture.<\/p>\n","protected":false},"excerpt":{"rendered":"<div class=\"entry-summary\">\n<div class=\"entry-summary\">\nLa graphoth\u00e9rapie est une r\u00e9ponse aux troubles de l&#8217;\u00e9criture. C&#8217;est la r\u00e9\u00e9ducation de l&#8217;\u00e9criture qui prend en charge les&nbsp;difficult\u00e9s graphomotrices&nbsp;chez les&nbsp;enfants, adolescents et adultes. Elle est le traitement des dysgraphies. L&#8217;\u00e9criture peut&hellip;\n<\/div>\n<div class=\"link-more-container\"><a href=\"https:\/\/graphotherapie-marseille.fr\/?page_id=6\" class=\"link-more\" aria-label=\"Continue reading LA GRAPHOTHERAPIE\">Continue reading&hellip;<\/a><\/div>\n<\/div>\n<div class=\"link-more-container\"><a href=\"https:\/\/graphotherapie-marseille.fr\/?page_id=6\" class=\"link-more\" aria-label=\"Continue reading LA GRAPHOTHERAPIE\">Continue reading&hellip;<\/a><\/div>\n","protected":false},"author":1,"featured_media":0,"parent":0,"menu_order":0,"comment_status":"closed","ping_status":"closed","template":"","meta":{"_monsterinsights_skip_tracking":false,"_monsterinsights_sitenote_active":false,"_monsterinsights_sitenote_note":"","_monsterinsights_sitenote_category":0,"footnotes":""},"class_list":["post-6","page","type-page","status-publish","hentry","entry","entry-type-page"],"aioseo_notices":[],"_links":{"self":[{"href":"https:\/\/graphotherapie-marseille.fr\/index.php?rest_route=\/wp\/v2\/pages\/6","targetHints":{"allow":["GET"]}}],"collection":[{"href":"https:\/\/graphotherapie-marseille.fr\/index.php?rest_route=\/wp\/v2\/pages"}],"about":[{"href":"https:\/\/graphotherapie-marseille.fr\/index.php?rest_route=\/wp\/v2\/types\/page"}],"author":[{"embeddable":true,"href":"https:\/\/graphotherapie-marseille.fr\/index.php?rest_route=\/wp\/v2\/users\/1"}],"replies":[{"embeddable":true,"href":"https:\/\/graphotherapie-marseille.fr\/index.php?rest_route=%2Fwp%2Fv2%2Fcomments&post=6"}],"version-history":[{"count":10,"href":"https:\/\/graphotherapie-marseille.fr\/index.php?rest_route=\/wp\/v2\/pages\/6\/revisions"}],"predecessor-version":[{"id":1051,"href":"https:\/\/graphotherapie-marseille.fr\/index.php?rest_route=\/wp\/v2\/pages\/6\/revisions\/1051"}],"wp:attachment":[{"href":"https:\/\/graphotherapie-marseille.fr\/index.php?rest_route=%2Fwp%2Fv2%2Fmedia&parent=6"}],"curies":[{"name":"wp","href":"https:\/\/api.w.org\/{rel}","templated":true}]}}